{"id":210,"date":"2023-09-15T01:06:52","date_gmt":"2023-09-15T01:06:52","guid":{"rendered":"https:\/\/courtspadel.com\/?page_id=8"},"modified":"2025-10-30T20:10:10","modified_gmt":"2025-10-30T20:10:10","slug":"index","status":"publish","type":"page","link":"https:\/\/padelmaster.com.br\/","title":{"rendered":"index"},"content":{"rendered":"<section class=\"l-section wpb_row us_custom_623ba360 height_medium with_video with_vimeo\"><div id=\"us_bg_video_d107\" class=\"l-section-video\"><script id=\"us_bg_video_d107-script\">!function(w){var node = document.getElementById( 'us_bg_video_d107' );if ( w.innerWidth <= 100 ) { node.remove() }}(window);<\/script><style>@media(max-width:100px){#us_bg_video_d107{display:none!important}}<\/style><script class=\"vimeo_d107\">\r\n\t\t\t\t\tvar script = document.createElement( \"script\" );\r\n\t\t\t\t\tscript.classList.add( \"vimeo_d107\" );\r\n\t\t\t\t\tscript.src = \"https:\/\/player.vimeo.com\/api\/player.js\";\r\n\t\t\t\t\tscript.onload = function() {\r\n\t\t\t\t\t\tvar player = new Vimeo.Player( \"us_bg_video_d107\", {\r\n\t\t\t\t\t\t\tid: \"1078801398\",\r\n\t\t\t\t\t\t\twidth: window.innerWidth,\r\n\t\t\t\t\t\t\t\"autopause\":false,\"controls\":false,\"autoplay\":true,\"byline\":false,\"loop\":true,\"muted\":true,\"title\":false\r\n\t\t\t\t\t\t} );\r\n\t\t\t\t\t\tplayer.ready().then( function() {\r\n\t\t\t\t\t\t\tplayer.element.allow = \"autoplay; fullscreen; picture-in-picture\";\r\n\t\t\t\t\t\t\tplayer.element.loading = \"lazy\";\r\n\t\t\t\t\t\t\tplayer.element.dispatchEvent( new Event( \"resize\", { bubbles: true } ) );\r\n\t\t\t\t\t\t} );\r\n\t\t\t\t\t\tdocument.querySelectorAll( \"script.vimeo_d107\" ).forEach( function( node ) { node.remove() } );\r\n\t\t\t\t\t};\r\n\t\t\t\t\tdocument.head.append( script );\r\n\t\t\t\t<\/script><\/div><div class=\"l-section-h i-cf\"><div class=\"g-cols vc_row via_grid cols_1 laptops-cols_inherit tablets-cols_inherit mobiles-cols_1 valign_top type_default stacking_default\"><div class=\"wpb_column vc_column_container\"><div class=\"vc_column-inner\"><div class=\"w-separator size_huge\"><\/div><div class=\"w-separator size_huge\"><\/div><div class=\"w-separator size_huge\"><\/div><\/div><\/div><\/div><\/div><\/section><section class=\"l-section wpb_row us_custom_31ace842 has_text_color height_medium color_footer-bottom\"><div class=\"l-section-h i-cf\"><div class=\"g-cols vc_row via_grid cols_2 laptops-cols_inherit tablets-cols_1 mobiles-cols_1 valign_top type_default stacking_default\"><div class=\"wpb_column vc_column_container\"><div class=\"vc_column-inner\"><div class=\"g-cols wpb_row via_grid cols_2 laptops-cols_inherit tablets-cols_2-3 mobiles-cols_1 valign_middle type_default stacking_default\" style=\"--columns-gap:1.7vw;\"><div class=\"wpb_column vc_column_container\"><div class=\"vc_column-inner\"><div class=\"w-image has_ratio align_none\"><div class=\"w-image-h\"><div style=\"padding-bottom:133.3333%\"><\/div><img decoding=\"async\" width=\"1024\" height=\"1024\" src=\"https:\/\/padelmaster.com.br\/wp-content\/uploads\/2025\/09\/premier-2024-1024x1024-1.webp\" class=\"attachment-large size-large\" alt=\"\" loading=\"lazy\" \/><\/div><\/div><\/div><\/div><div class=\"wpb_column vc_column_container\"><div class=\"vc_column-inner\"><div class=\"w-separator size_small\"><\/div><div class=\"w-text us_custom_c80d50f7 has_text_color\"><span class=\"w-text-h\"><span class=\"w-text-value\">2024<\/span><\/span><\/div><div class=\"w-separator size_small\"><\/div><div class=\"wpb_text_column us_custom_e97fee93 has_text_color\"><div class=\"wpb_wrapper\"><h3><a href=\"https:\/\/padelmaster.co\/index.php\/2025\/08\/29\/647\/\"><strong><span style=\"color: #ffffff;\">PREMIER<\/span><\/strong><\/a><br \/>\n<strong><span style=\"color: #ffffff;\">PADEL<\/span><\/strong><\/h3>\n<p>Padel Master y tres pistas fueron la vitrina de Premier Padel P1.<\/p>\n<\/div><\/div><div class=\"w-separator us_custom_8143f49a size_small\"><\/div><\/div><\/div><\/div><\/div><\/div><div class=\"wpb_column vc_column_container\"><div class=\"vc_column-inner\"><div class=\"g-cols wpb_row via_grid cols_2 laptops-cols_inherit tablets-cols_2-3 mobiles-cols_1 valign_middle type_default stacking_default\" style=\"--columns-gap:1.7vw;\"><div class=\"wpb_column vc_column_container\"><div class=\"vc_column-inner\"><div class=\"w-image has_ratio align_none\"><div class=\"w-image-h\"><div style=\"padding-bottom:133.3333%\"><\/div><img decoding=\"async\" width=\"1024\" height=\"1024\" src=\"https:\/\/padelmaster.com.br\/wp-content\/uploads\/2025\/09\/premier-1024x1024-2.webp\" class=\"attachment-large size-large\" alt=\"\" loading=\"lazy\" \/><\/div><\/div><\/div><\/div><div class=\"wpb_column vc_column_container\"><div class=\"vc_column-inner\"><div class=\"w-separator size_small\"><\/div><div class=\"w-text us_custom_c80d50f7 has_text_color\"><span class=\"w-text-h\"><span class=\"w-text-value\">2025<\/span><\/span><\/div><div class=\"w-separator size_small\"><\/div><div class=\"wpb_text_column us_custom_214cff5d\"><div class=\"wpb_wrapper\"><h3><a href=\"https:\/\/padelmaster.co\/index.php\/2025\/08\/29\/647\/\"><strong><span style=\"color: #ffffff;\">PREMIER<\/span><\/strong><\/a><br \/>\n<strong><span style=\"color: #ffffff;\">PADEL<\/span><\/strong><\/h3>\n<p>Por segundo a\u00f1o fuimos pista oficial del circuito m\u00e1s grande del mundo.<\/p>\n<\/div><\/div><div class=\"w-separator us_custom_8143f49a size_small\"><\/div><\/div><\/div><\/div><\/div><\/div><div class=\"wpb_column vc_column_container\"><div class=\"vc_column-inner\"><div class=\"g-cols wpb_row via_grid cols_2 laptops-cols_inherit tablets-cols_2-3 mobiles-cols_1 valign_middle type_default stacking_default\" style=\"--columns-gap:1.7vw;\"><div class=\"wpb_column vc_column_container\"><div class=\"vc_column-inner\"><div class=\"w-image has_ratio align_none\"><div class=\"w-image-h\"><div style=\"padding-bottom:133.3333%\"><\/div><img decoding=\"async\" width=\"1024\" height=\"1024\" src=\"https:\/\/padelmaster.com.br\/wp-content\/uploads\/2025\/09\/a1-padel-1024x1024-1.webp\" class=\"attachment-large size-large\" alt=\"\" loading=\"lazy\" \/><\/div><\/div><\/div><\/div><div class=\"wpb_column vc_column_container\"><div class=\"vc_column-inner\"><div class=\"w-separator size_small\"><\/div><div class=\"w-text us_custom_c80d50f7 has_text_color\"><span class=\"w-text-h\"><span class=\"w-text-value\">2023<\/span><\/span><\/div><div class=\"w-separator size_small\"><\/div><div class=\"wpb_text_column us_custom_214cff5d\"><div class=\"wpb_wrapper\"><h3><strong><span style=\"color: #ffffff;\">A1<\/span><\/strong><br \/>\n<strong><span style=\"color: #ffffff;\">PADEL<\/span><\/strong><\/h3>\n<p>Pista Full View escogida como oficial en el torneo de A1 PADEL.<\/p>\n<\/div><\/div><div class=\"w-separator us_custom_8143f49a size_small\"><\/div><\/div><\/div><\/div><\/div><\/div><div class=\"wpb_column vc_column_container\"><div class=\"vc_column-inner\"><div class=\"g-cols wpb_row via_grid cols_2 laptops-cols_inherit tablets-cols_2-3 mobiles-cols_1 valign_middle type_default stacking_default\" style=\"--columns-gap:1.7vw;\"><div class=\"wpb_column vc_column_container\"><div class=\"vc_column-inner\"><div class=\"w-image has_ratio align_none\"><div class=\"w-image-h\"><div style=\"padding-bottom:133.3333%\"><\/div><img decoding=\"async\" width=\"1024\" height=\"1024\" src=\"https:\/\/padelmaster.com.br\/wp-content\/uploads\/2025\/09\/pala-tour-2023-1024x1024-1.webp\" class=\"attachment-large size-large\" alt=\"\" loading=\"lazy\" \/><\/div><\/div><\/div><\/div><div class=\"wpb_column vc_column_container\"><div class=\"vc_column-inner\"><div class=\"w-separator size_small\"><\/div><div class=\"w-text us_custom_c80d50f7 has_text_color\"><span class=\"w-text-h\"><span class=\"w-text-value\">2023<\/span><\/span><\/div><div class=\"w-separator size_small\"><\/div><div class=\"wpb_text_column us_custom_214cff5d\"><div class=\"wpb_wrapper\"><h3><strong><span style=\"color: #ffffff;\">PALA<\/span><\/strong><br \/>\n<strong><span style=\"color: #ffffff;\">TOUR<\/span><\/strong><\/h3>\n<p>Pista oficial del torneo de maestros del padel en Santiago de Chile.<\/p>\n<\/div><\/div><div class=\"w-separator us_custom_8143f49a size_small\"><\/div><\/div><\/div><\/div><\/div><\/div><div class=\"wpb_column vc_column_container\"><div class=\"vc_column-inner\"><div class=\"g-cols wpb_row via_grid cols_2 laptops-cols_inherit tablets-cols_2-3 mobiles-cols_1 valign_middle type_default stacking_default\" style=\"--columns-gap:1.7vw;\"><div class=\"wpb_column vc_column_container\"><div class=\"vc_column-inner\"><div class=\"w-image has_ratio align_none\"><div class=\"w-image-h\"><div style=\"padding-bottom:133.3333%\"><\/div><img decoding=\"async\" width=\"1024\" height=\"1024\" src=\"https:\/\/padelmaster.com.br\/wp-content\/uploads\/2025\/09\/world-padel-tour-1024x1024-1.webp\" class=\"attachment-large size-large\" alt=\"\" loading=\"lazy\" \/><\/div><\/div><\/div><\/div><div class=\"wpb_column vc_column_container\"><div class=\"vc_column-inner\"><div class=\"w-separator size_small\"><\/div><div class=\"w-text us_custom_6df4bc3a has_text_color\"><span class=\"w-text-h\"><span class=\"w-text-value\">2023<\/span><\/span><\/div><div class=\"w-separator size_small\"><\/div><div class=\"wpb_text_column us_custom_214cff5d\"><div class=\"wpb_wrapper\"><h3><strong><span style=\"color: #ffffff;\">WORLD\u00a0 PADEL TOUR<\/span><\/strong><\/h3>\n<p>4 pistas oficiales para el torneo m\u00e1s grande del\u00a0 p\u00e1del mundial en Am\u00e9rica.<\/p>\n<\/div><\/div><div class=\"w-separator us_custom_8143f49a size_small\"><\/div><\/div><\/div><\/div><\/div><\/div><div class=\"wpb_column vc_column_container\"><div class=\"vc_column-inner\"><div class=\"g-cols wpb_row via_grid cols_2 laptops-cols_inherit tablets-cols_2-3 mobiles-cols_1 valign_middle type_default stacking_default\" style=\"--columns-gap:1.7vw;\"><div class=\"wpb_column vc_column_container\"><div class=\"vc_column-inner\"><div class=\"w-image has_ratio align_none\"><div class=\"w-image-h\"><div style=\"padding-bottom:133.3333%\"><\/div><img decoding=\"async\" width=\"1024\" height=\"1024\" src=\"https:\/\/padelmaster.com.br\/wp-content\/uploads\/2025\/09\/pala-tour-1024x1024-1.webp\" class=\"attachment-large size-large\" alt=\"\" loading=\"lazy\" \/><\/div><\/div><\/div><\/div><div class=\"wpb_column vc_column_container\"><div class=\"vc_column-inner\"><div class=\"w-separator size_small\"><\/div><div class=\"w-text us_custom_c80d50f7 has_text_color\"><span class=\"w-text-h\"><span class=\"w-text-value\">2022<\/span><\/span><\/div><div class=\"w-separator size_small\"><\/div><div class=\"wpb_text_column us_custom_214cff5d\"><div class=\"wpb_wrapper\"><h3><strong><span style=\"color: #ffffff;\">PALA<\/span><\/strong><br \/>\n<strong><span style=\"color: #ffffff;\">TOUR<\/span><\/strong><\/h3>\n<p>Pista oficial de la primera versi\u00f3n del torneo de maestros de p\u00e1del.<\/p>\n<\/div><\/div><div class=\"w-separator us_custom_8143f49a size_small\"><\/div><\/div><\/div><\/div><\/div><\/div><\/div><\/div><\/section><section class=\"l-section wpb_row us_custom_2811308f height_medium\"><div class=\"l-section-h i-cf\"><div class=\"g-cols vc_row via_grid cols_1 laptops-cols_inherit tablets-cols_inherit mobiles-cols_1 valign_top type_default stacking_default\"><div class=\"wpb_column vc_column_container us_custom_573f28f5 has_bg_color\"><div class=\"vc_column-inner\"><h1 class=\"w-text us_custom_eb849559\"><span class=\"w-text-h\"><span class=\"w-text-value\">QUADRAS DE PADEL BRASIL<\/span><\/span><\/h1><div class=\"w-separator size_small\"><\/div><div class=\"g-cols wpb_row via_grid cols_2 laptops-cols_inherit tablets-cols_inherit mobiles-cols_1 valign_top type_default stacking_default\" style=\"--columns-gap:3rem;\"><div class=\"wpb_column vc_column_container\"><div class=\"vc_column-inner\"><div class=\"wpb_text_column\"><div class=\"wpb_wrapper\"><p><span style=\"color: #ffffff;\">N\u00f3s somos uma empresa especializada na constru\u00e7\u00e3o de quadras de padel de luxo no Brasil e ao redor do mundo, com anos de experi\u00eancia no design, fabrica\u00e7\u00e3o e instala\u00e7\u00e3o de estruturas de a\u00e7o de alta qualidade.<\/span><\/p>\n<p><span style=\"color: #ffffff;\">At\u00e9 o ano de 2023, nosso sucesso foi not\u00e1vel, com a instala\u00e7\u00e3o de mais de 1.500 quadras em mais de 10 pa\u00edses.<\/span><\/p>\n<\/div><\/div><\/div><\/div><div class=\"wpb_column vc_column_container\"><div class=\"vc_column-inner\"><div class=\"wpb_text_column\"><div class=\"wpb_wrapper\"><p><span style=\"color: #ffffff;\">Recentemente, alcan\u00e7amos um reconhecimento internacional significativo ao sermos selecionados como a quadra oficial de padel durante dois anos consecutivos para o Pala Tour 2022, 2023, e o World Padel Tour 2023 na Am\u00e9rica. Este feito destaca nosso compromisso com a excel\u00eancia e nossa posi\u00e7\u00e3o como l\u00edderes no design e constru\u00e7\u00e3o de instala\u00e7\u00f5es esportivas de primeira categoria.&#8221;<\/span><\/p>\n<\/div><\/div><\/div><\/div><\/div><\/div><\/div><\/div><\/div><\/section><section class=\"l-section wpb_row us_custom_30dfa69f height_medium with_shape\"><div class=\"l-section-shape type_custom pos_bottom\" style=\"height:33%;color:var(--color-content-bg-alt)\"><svg xmlns=\"http:\/\/www.w3.org\/2000\/svg\" viewBox=\"0 0 64 8\" preserveAspectRatio=\"none\" width=\"100%\" height=\"100%\">\r\n\t<path fill=\"currentColor\" d=\"M64 8 L0 8 L0 0 L64 0 Z\"\/>\r\n<\/svg><\/div><div class=\"l-section-h i-cf\"><div class=\"g-cols vc_row via_grid cols_1 laptops-cols_inherit tablets-cols_inherit mobiles-cols_1 valign_top type_default stacking_default\"><div class=\"wpb_column vc_column_container\"><div class=\"vc_column-inner\"><div class=\"wpb_text_column\"><div class=\"wpb_wrapper\"><h1 class=\"LC20lb MBeuO DKV0Md\" style=\"text-align: center;\">Constru\u00e7\u00e3o de Quadras de Padel<\/h1>\n<\/div><\/div><div class=\"w-separator size_small\"><\/div><div class=\"w-text us_custom_31d68145 has_text_color\"><span class=\"w-text-h\"><span class=\"w-text-value\">No Brasil incorporamos a mais avan\u00e7ada tecnologia, com rob\u00f3tica, sistemas de automa\u00e7\u00e3o e corte a laser em nossas quadras, alcan\u00e7ando processos automatizados e um produto exclusivo. Nossas quadras de padel s\u00e3o reconhecidas em todo o pa\u00eds e internacionalmente, com mais de 1.500 quadras instaladas no mundo. Se voc\u00ea est\u00e1 pensando em comprar uma quadra de padel no Brasil, entre em contato conosco.<\/span><\/span><\/div><div class=\"w-separator size_medium\"><\/div><div class=\"g-cols wpb_row via_grid cols_3 laptops-cols_inherit tablets-cols_inherit mobiles-cols_1 valign_top type_default stacking_default\" style=\"--columns-gap:2rem;\"><div class=\"wpb_column vc_column_container us_custom_5d53446d has_text_color has_bg_color\"><div class=\"vc_column-inner\"><div class=\"w-image align_none\"><div class=\"w-image-h\"><img decoding=\"async\" width=\"1024\" height=\"705\" src=\"https:\/\/padelmaster.com.br\/wp-content\/uploads\/2025\/09\/panoramic-court-1024x705.jpg\" class=\"attachment-large size-large\" alt=\"\" loading=\"lazy\" srcset=\"https:\/\/padelmaster.com.br\/wp-content\/uploads\/2025\/09\/panoramic-court-1024x705.jpg 1024w, https:\/\/padelmaster.com.br\/wp-content\/uploads\/2025\/09\/panoramic-court-300x207.jpg 300w, https:\/\/padelmaster.com.br\/wp-content\/uploads\/2025\/09\/panoramic-court.jpg 1056w\" sizes=\"auto, (max-width: 1024px) 100vw, 1024px\" \/><\/div><\/div><div class=\"w-separator size_small\"><\/div><div class=\"wpb_text_column\"><div class=\"wpb_wrapper\"><h4><strong>PANORAMIC COURT<\/strong><\/h4>\n<p>A quadra de padel mais utilizada em todos os tipos de formatos, por ser um modelo muito robusto e com um design de luxo impec\u00e1vel. Nossa quadra tradicional com postes de canto e amplos perfis de vidro.<\/p>\n<\/div><\/div><div class=\"w-btn-wrapper align_none\"><a class=\"w-btn us-btn-style_1\" href=\"https:\/\/padelmaster.com.br\/index.php\/panoramic-cancha-de-padel\/\"><span class=\"w-btn-label\">VER MAS<\/span><\/a><\/div><\/div><\/div><div class=\"wpb_column vc_column_container us_custom_5d53446d has_text_color has_bg_color\"><div class=\"vc_column-inner\"><div class=\"w-image align_none\"><div class=\"w-image-h\"><img decoding=\"async\" width=\"1024\" height=\"705\" src=\"https:\/\/padelmaster.com.br\/wp-content\/uploads\/2025\/09\/elite-court-1024x705.jpg\" class=\"attachment-large size-large\" alt=\"\" loading=\"lazy\" srcset=\"https:\/\/padelmaster.com.br\/wp-content\/uploads\/2025\/09\/elite-court-1024x705.jpg 1024w, https:\/\/padelmaster.com.br\/wp-content\/uploads\/2025\/09\/elite-court-300x207.jpg 300w, https:\/\/padelmaster.com.br\/wp-content\/uploads\/2025\/09\/elite-court.jpg 1056w\" sizes=\"auto, (max-width: 1024px) 100vw, 1024px\" \/><\/div><\/div><div class=\"w-separator size_small\"><\/div><div class=\"wpb_text_column\"><div class=\"wpb_wrapper\"><h4><strong>PANORAMIC ELITE<\/strong><\/h4>\n<p>Quadra de padel profissional utilizada para clubes de alto rendimento e para competi\u00e7\u00e3o devido \u00e0 sua ampla vis\u00e3o. Incorpora um perfil circular nos cantos para lhe conferir um aspecto mais robusto e de design.<\/p>\n<\/div><\/div><div class=\"w-btn-wrapper align_none\"><a class=\"w-btn us-btn-style_1\" href=\"https:\/\/padelmaster.com.br\/index.php\/elite-padel-court\/\"><span class=\"w-btn-label\">VER MAS<\/span><\/a><\/div><\/div><\/div><div class=\"wpb_column vc_column_container us_custom_5d53446d has_text_color has_bg_color\"><div class=\"vc_column-inner\"><div class=\"w-image align_none\"><div class=\"w-image-h\"><img decoding=\"async\" width=\"1024\" height=\"705\" src=\"https:\/\/padelmaster.com.br\/wp-content\/uploads\/2025\/09\/full-vision-1024x705.jpg\" class=\"attachment-large size-large\" alt=\"\" loading=\"lazy\" srcset=\"https:\/\/padelmaster.com.br\/wp-content\/uploads\/2025\/09\/full-vision-1024x705.jpg 1024w, https:\/\/padelmaster.com.br\/wp-content\/uploads\/2025\/09\/full-vision-300x207.jpg 300w, https:\/\/padelmaster.com.br\/wp-content\/uploads\/2025\/09\/full-vision.jpg 1056w\" sizes=\"auto, (max-width: 1024px) 100vw, 1024px\" \/><\/div><\/div><div class=\"w-separator size_small\"><\/div><div class=\"wpb_text_column\"><div class=\"wpb_wrapper\"><h4><strong>PANORAMIC FULL\u00a0<\/strong><\/h4>\n<p>Quadra de padel panor\u00e2mica de luxo amplamente utilizada para competi\u00e7\u00f5es profissionais como o World Padel Tour 2023, Pala Tour 2023 e importantes eventos de padel.<\/p>\n<\/div><\/div><div class=\"w-btn-wrapper align_none\"><a class=\"w-btn us-btn-style_1\" href=\"https:\/\/padelmaster.com.br\/index.php\/full-vision-panoramic-court\/\"><span class=\"w-btn-label\">VER MAS<\/span><\/a><\/div><\/div><\/div><\/div><\/div><\/div><\/div><\/div><\/section>\n","protected":false},"excerpt":{"rendered":"","protected":false},"author":1,"featured_media":0,"parent":0,"menu_order":0,"comment_status":"closed","ping_status":"closed","template":"","meta":{"footnotes":""},"class_list":["post-210","page","type-page","status-publish","hentry"],"aioseo_notices":[],"_links":{"self":[{"href":"https:\/\/padelmaster.com.br\/index.php\/wp-json\/wp\/v2\/pages\/210","targetHints":{"allow":["GET"]}}],"collection":[{"href":"https:\/\/padelmaster.com.br\/index.php\/wp-json\/wp\/v2\/pages"}],"about":[{"href":"https:\/\/padelmaster.com.br\/index.php\/wp-json\/wp\/v2\/types\/page"}],"author":[{"embeddable":true,"href":"https:\/\/padelmaster.com.br\/index.php\/wp-json\/wp\/v2\/users\/1"}],"replies":[{"embeddable":true,"href":"https:\/\/padelmaster.com.br\/index.php\/wp-json\/wp\/v2\/comments?post=210"}],"version-history":[{"count":84,"href":"https:\/\/padelmaster.com.br\/index.php\/wp-json\/wp\/v2\/pages\/210\/revisions"}],"predecessor-version":[{"id":595,"href":"https:\/\/padelmaster.com.br\/index.php\/wp-json\/wp\/v2\/pages\/210\/revisions\/595"}],"wp:attachment":[{"href":"https:\/\/padelmaster.com.br\/index.php\/wp-json\/wp\/v2\/media?parent=210"}],"curies":[{"name":"wp","href":"https:\/\/api.w.org\/{rel}","templated":true}]}}