{"id":39,"date":"2023-09-15T17:13:34","date_gmt":"2023-09-15T17:13:34","guid":{"rendered":"https:\/\/courtspadel.com\/?page_id=39"},"modified":"2025-09-28T15:39:03","modified_gmt":"2025-09-28T15:39:03","slug":"fabricacao-de-quadras-de-padel","status":"publish","type":"page","link":"https:\/\/padelmaster.com.br\/index.php\/fabricacao-de-quadras-de-padel\/","title":{"rendered":"Fabrica"},"content":{"rendered":"<section class=\"l-section wpb_row us_custom_623ba360 height_auto color_secondary with_video with_vimeo\"><div id=\"us_bg_video_o25b\" class=\"l-section-video\"><script id=\"us_bg_video_o25b-script\">!function(w){var node = document.getElementById( 'us_bg_video_o25b' );if ( w.innerWidth <= 100 ) { node.remove() }}(window);<\/script><style>@media(max-width:100px){#us_bg_video_o25b{display:none!important}}<\/style><script class=\"vimeo_o25b\">\r\n\t\t\t\t\tvar script = document.createElement( \"script\" );\r\n\t\t\t\t\tscript.classList.add( \"vimeo_o25b\" );\r\n\t\t\t\t\tscript.src = \"https:\/\/player.vimeo.com\/api\/player.js\";\r\n\t\t\t\t\tscript.onload = function() {\r\n\t\t\t\t\t\tvar player = new Vimeo.Player( \"us_bg_video_o25b\", {\r\n\t\t\t\t\t\t\tid: \"1078879189\",\r\n\t\t\t\t\t\t\twidth: window.innerWidth,\r\n\t\t\t\t\t\t\t\"autopause\":false,\"controls\":false,\"autoplay\":true,\"byline\":false,\"loop\":true,\"muted\":true,\"title\":false\r\n\t\t\t\t\t\t} );\r\n\t\t\t\t\t\tplayer.ready().then( function() {\r\n\t\t\t\t\t\t\tplayer.element.allow = \"autoplay; fullscreen; picture-in-picture\";\r\n\t\t\t\t\t\t\tplayer.element.loading = \"lazy\";\r\n\t\t\t\t\t\t\tplayer.element.dispatchEvent( new Event( \"resize\", { bubbles: true } ) );\r\n\t\t\t\t\t\t} );\r\n\t\t\t\t\t\tdocument.querySelectorAll( \"script.vimeo_o25b\" ).forEach( function( node ) { node.remove() } );\r\n\t\t\t\t\t};\r\n\t\t\t\t\tdocument.head.append( script );\r\n\t\t\t\t<\/script><\/div><div class=\"l-section-overlay\" style=\"background:linear-gradient(360deg, rgba(0,0,0,0.83) 0%,#000000 100%)\"><\/div><div class=\"l-section-h i-cf\"><div class=\"g-cols vc_row via_grid cols_1 laptops-cols_inherit tablets-cols_1 mobiles-cols_1 valign_top type_default reversed stacking_default\" style=\"--columns-gap:0rem;\"><div class=\"wpb_column vc_column_container us_custom_e5713a0c\"><div class=\"vc_column-inner\"><div class=\"w-separator size_custom\" style=\"height:500px\"><\/div><div class=\"w-hwrapper us_custom_9d93c437 valign_middle wrap align_none\" style=\"--hwrapper-gap:3rem\"><\/div><\/div><\/div><\/div><\/div><\/section><section class=\"l-section wpb_row us_custom_e86c806a height_auto width_full\"><div class=\"l-section-h i-cf\"><div class=\"g-cols vc_row via_grid cols_1-2 laptops-cols_1 tablets-cols_inherit mobiles-cols_1 valign_top type_default stacking_default\" style=\"--columns-gap:0rem;\"><div class=\"wpb_column vc_column_container us_custom_ef154288 type_sticky\"><div class=\"vc_column-inner\"><div class=\"wpb_text_column us_custom_6df4bc3a has_text_color\"><div class=\"wpb_wrapper\"><h5 data-start=\"84\" data-end=\"146\">ESPECIALISTAS NA CONSTRU\u00c7\u00c3O DE QUADRAS DE P\u00c1DEL NO BRASIL<\/h5>\n<p data-start=\"148\" data-end=\"412\">Somos especialistas em p\u00e1del com mais de 10 anos de experi\u00eancia em infraestrutura esportiva. Atuamos na fabrica\u00e7\u00e3o, venda, instala\u00e7\u00e3o e servi\u00e7o p\u00f3s-venda de quadras de p\u00e1del em S\u00e3o Paulo, Rio de Janeiro, Bras\u00edlia, Belo Horizonte, Porto Alegre e em todo o Brasil.<\/p>\n<p data-start=\"414\" data-end=\"555\">Nossa equipe t\u00e9cnica acompanha cada etapa do processo de constru\u00e7\u00e3o, desde o projeto at\u00e9 a instala\u00e7\u00e3o final, garantindo a m\u00e1xima qualidade.<\/p>\n<p data-start=\"557\" data-end=\"773\">Mais de 1.500 quadras de p\u00e1del instaladas no Brasil e no mundo comprovam o nosso trabalho. Cada projeto leva o nosso selo de excel\u00eancia, oferecendo quadras resistentes, modernas e preparadas para a alta competi\u00e7\u00e3o.<\/p>\n<\/div><\/div><\/div><\/div><div class=\"wpb_column vc_column_container us_custom_f0e8df9d\"><div class=\"vc_column-inner\"><div class=\"g-cols wpb_row via_grid cols_3 laptops-cols_inherit tablets-cols_2 mobiles-cols_1 valign_top type_default stacking_default\" style=\"--columns-gap:0rem;\"><div class=\"wpb_column vc_column_container\"><div class=\"vc_column-inner\"><div class=\"w-image us_custom_e2668a32 has_ratio align_none has_bg_color\"><a href=\"https:\/\/padelcourtsmaster.com\/\ud83c\udfc6-padel-courts-master-fue-la-pista-oficial-del-premier-padel-p1-santiago-2025-con-su-modelo-full-view-calidad-y-visibilidad-al-mas-alto-nivel\/\" aria-label=\"soldadura-robot-683x1024-1\" class=\"w-image-h\"><div style=\"padding-bottom:133.3333%\"><\/div><img decoding=\"async\" width=\"683\" height=\"1024\" src=\"https:\/\/padelmaster.com.br\/wp-content\/uploads\/2025\/09\/soldadura-robot-683x1024-1.jpg\" class=\"attachment-full size-full\" alt=\"\" loading=\"lazy\" \/><\/a><\/div><div class=\"w-separator size_small\"><\/div><h4 class=\"w-text\"><span class=\"w-text-h\"><span class=\"w-text-value\">robotiza\u00e7\u00e3o<\/span><\/span><\/h4><div class=\"w-text us_custom_6df4bc3a has_text_color\"><span class=\"w-text-h\"><span class=\"w-text-value\">Contamos com bra\u00e7o robotizado de soldagem a laser para os processos das nossas quadras de p\u00e1del.<\/span><\/span><\/div><div class=\"w-separator size_small\"><\/div><div class=\"w-separator size_small\"><\/div><\/div><\/div><div class=\"wpb_column vc_column_container\"><div class=\"vc_column-inner\"><div class=\"w-image us_custom_c4409e14 has_ratio align_none has_bg_color\"><div class=\"w-image-h\"><div style=\"padding-bottom:133.3333%\"><\/div><img decoding=\"async\" width=\"526\" height=\"1015\" src=\"https:\/\/padelmaster.com.br\/wp-content\/uploads\/2025\/09\/panoramic.jpg\" class=\"attachment-full size-full\" alt=\"\" loading=\"lazy\" \/><\/div><\/div><div class=\"w-separator size_small\"><\/div><h5 class=\"w-text\"><span class=\"w-text-h\"><span class=\"w-text-value\">gramado premium<\/span><\/span><\/h5><div class=\"w-text us_custom_6df4bc3a has_text_color\"><span class=\"w-text-h\"><span class=\"w-text-value\">Contamos com o respaldo dos melhores fornecedores de grama sint\u00e9tica para quadras de p\u00e1del em PU de 5 metros.<\/span><\/span><\/div><div class=\"w-separator size_small\"><\/div><\/div><\/div><div class=\"wpb_column vc_column_container\"><div class=\"vc_column-inner\"><div class=\"w-image us_custom_7e97866a has_ratio align_none has_bg_color\"><a href=\"https:\/\/padelcourtsmaster.com\/world-padel-tour-2023\/\" aria-label=\"elite-court\" class=\"w-image-h\"><div style=\"padding-bottom:133.3333%\"><\/div><img decoding=\"async\" width=\"526\" height=\"1015\" src=\"https:\/\/padelmaster.com.br\/wp-content\/uploads\/2025\/09\/elite-court-1.jpg\" class=\"attachment-large size-large\" alt=\"\" loading=\"lazy\" \/><\/a><\/div><div class=\"w-separator size_small\"><\/div><h5 class=\"w-text\"><span class=\"w-text-h\"><span class=\"w-text-value\">garantia<\/span><\/span><\/h5><div class=\"w-text us_custom_97dd6e03 has_text_color\"><span class=\"w-text-h\"><span class=\"w-text-value\">Todas as nossas quadras de p\u00e1del contam com garantia estrutural de f\u00e1brica de 10 anos.<\/span><\/span><\/div><div class=\"w-separator size_small\"><\/div><\/div><\/div><div class=\"wpb_column vc_column_container\"><div class=\"vc_column-inner\"><div class=\"w-image us_custom_f97e3b99 has_ratio align_none\"><a href=\"https:\/\/padelcourtsmaster.com\/a1-padel\/\" aria-label=\"ultra\" class=\"w-image-h\"><div style=\"padding-bottom:133.3333%\"><\/div><img decoding=\"async\" width=\"502\" height=\"863\" src=\"https:\/\/padelmaster.com.br\/wp-content\/uploads\/2025\/09\/ultra.jpg\" class=\"attachment-large size-large\" alt=\"\" loading=\"lazy\" \/><\/a><\/div><div class=\"w-separator size_small\"><\/div><h5 class=\"w-text\"><span class=\"w-text-h\"><span class=\"w-text-value\">ULTRA PADEL<\/span><\/span><\/h5><div class=\"w-text us_custom_6df4bc3a has_text_color\"><span class=\"w-text-h\"><span class=\"w-text-value\">Constru\u00edmos quadras profissionais nas principais franquias esportivas ao redor do mundo.<\/span><\/span><\/div><div class=\"w-separator size_small\"><\/div><div class=\"w-separator size_small\"><\/div><\/div><\/div><div class=\"wpb_column vc_column_container\"><div class=\"vc_column-inner\"><div class=\"w-image us_custom_f97e3b99 has_ratio align_none\"><a href=\"https:\/\/padelcourtsmaster.com\/pala-to-2023\/\" aria-label=\"premier-2024-1024x1024 (1)\" class=\"w-image-h\"><div style=\"padding-bottom:133.3333%\"><\/div><img decoding=\"async\" width=\"1024\" height=\"1024\" src=\"https:\/\/padelmaster.com.br\/wp-content\/uploads\/2025\/09\/premier-2024-1024x1024-1-1.webp\" class=\"attachment-large size-large\" alt=\"\" loading=\"lazy\" \/><\/a><\/div><div class=\"w-separator size_small\"><\/div><h5 class=\"w-text\"><span class=\"w-text-h\"><span class=\"w-text-value\">PREMIER<\/span><\/span><\/h5><div class=\"w-text us_custom_6df4bc3a has_text_color\"><span class=\"w-text-h\"><span class=\"w-text-value\">Quadra oficial nos \u00faltimos cinco anos das principais franquias esportivas ao redor do mundo.<\/span><\/span><\/div><div class=\"w-separator size_small\"><\/div><\/div><\/div><div class=\"wpb_column vc_column_container\"><div class=\"vc_column-inner\"><div class=\"w-image us_custom_f97e3b99 has_ratio align_center\"><a href=\"https:\/\/padelcourtsmaster.com\/pala-tour-2023-2022\/\" aria-label=\"tipos_cortes_metal_a_voz_da_industria-scaled-1-1024x683\" class=\"w-image-h\"><div style=\"padding-bottom:133.3333%\"><\/div><img decoding=\"async\" width=\"1024\" height=\"683\" src=\"https:\/\/padelmaster.com.br\/wp-content\/uploads\/2025\/09\/tipos_cortes_metal_a_voz_da_industria-scaled-1-1024x683-1.jpg\" class=\"attachment-large size-large\" alt=\"\" loading=\"lazy\" \/><\/a><\/div><div class=\"w-separator size_small\"><\/div><h5 class=\"w-text\"><span class=\"w-text-h\"><span class=\"w-text-value\">inova\u00e7\u00e3o<\/span><\/span><\/h5><div class=\"w-text us_custom_6df4bc3a has_text_color\"><span class=\"w-text-h\"><span class=\"w-text-value\">Em 2025 contamos com uma das plantas mais modernas para a constru\u00e7\u00e3o de quadras de p\u00e1del deluxe.<\/span><\/span><\/div><div class=\"w-separator size_small\"><\/div><\/div><\/div><\/div><\/div><\/div><\/div><\/div><\/section><section class=\"l-section wpb_row us_custom_b5359140 height_medium width_custom\" style=\"--site-content-width:1140px;\" id=\"third\"><div class=\"l-section-h i-cf\"><div class=\"g-cols vc_row via_grid cols_1 laptops-cols_inherit tablets-cols_1 mobiles-cols_1 valign_top type_default stacking_default\"><div class=\"wpb_column vc_column_container\"><div class=\"vc_column-inner\"><div class=\"w-separator size_medium\"><\/div><div class=\"g-cols wpb_row via_grid cols_3 laptops-cols_inherit tablets-cols_2 mobiles-cols_1 valign_top type_default stacking_default\" style=\"--columns-gap:4rem;\"><div class=\"wpb_column vc_column_container\"><div class=\"vc_column-inner\"><div class=\"w-iconbox iconpos_left style_circle color_primary align_left\"><div class=\"w-iconbox-icon\" style=\"font-size:1rem;\"><i class=\"far fa-window-restore\"><\/i><\/div><div class=\"w-iconbox-meta\"><h4 class=\"w-iconbox-title\" style=\"font-size:1.1rem;\">Quadras de p\u00e1del dom\u00f3ticas<\/h4><div class=\"w-iconbox-text\"><p>Contamos con tecnolog\u00eda robotizada para crear unas\u00a0pistas de p\u00e1del\u00a0modernas y duraderas.<\/p>\n<\/div><\/div><\/div><\/div><\/div><div class=\"wpb_column vc_column_container\"><div class=\"vc_column-inner\"><div class=\"w-iconbox iconpos_left style_circle color_primary align_left\"><div class=\"w-iconbox-icon\" style=\"font-size:1rem;\"><i class=\"far fa-object-ungroup\"><\/i><\/div><div class=\"w-iconbox-meta\"><h6 class=\"w-iconbox-title\">Fornecedor para competi\u00e7\u00f5es de p\u00e1del<\/h6><div class=\"w-iconbox-text\"><p>Somos la pista oficial de numerosos torneos de p\u00e1del internacionales.<\/p>\n<\/div><\/div><\/div><\/div><\/div><div class=\"wpb_column vc_column_container\"><div class=\"vc_column-inner\"><div class=\"w-iconbox iconpos_left style_circle color_primary align_left\"><div class=\"w-iconbox-icon\" style=\"font-size:1rem;\"><i class=\"far fa-square\"><\/i><\/div><div class=\"w-iconbox-meta\"><h6 class=\"w-iconbox-title\">Equipe t\u00e9cnica<\/h6><div class=\"w-iconbox-text\"><p>Mas de 100 personas expertas en padel trabajan para entregar las mejores pistas alrededor del mundo. Un equipo \u00fanico y experimentado.<\/p>\n<\/div><\/div><\/div><\/div><\/div><div class=\"wpb_column vc_column_container\"><div class=\"vc_column-inner\"><div class=\"w-iconbox iconpos_left style_circle color_primary align_left\"><div class=\"w-iconbox-icon\" style=\"font-size:1rem;\"><i class=\"far fa-compass\"><\/i><\/div><div class=\"w-iconbox-meta\"><h6 class=\"w-iconbox-title\">Quadras para clubes e hot\u00e9is  <\/h6><div class=\"w-iconbox-text\"><p>Contamos con diversos formatos de pistas profesionales para clubes, residencias u hoteles.<\/p>\n<\/div><\/div><\/div><\/div><\/div><div class=\"wpb_column vc_column_container\"><div class=\"vc_column-inner\"><div class=\"w-iconbox iconpos_left style_circle color_primary align_left\"><div class=\"w-iconbox-icon\" style=\"font-size:1rem;\"><i class=\"far fa-image\"><\/i><\/div><div class=\"w-iconbox-meta\"><h6 class=\"w-iconbox-title\">Fabricante internacional de quadras de p\u00e1del<\/h6><div class=\"w-iconbox-text\"><p>Mas de 1200 pistas fabricadas e instaladas en el ultimo tiempo, avalan nuestro trabajo en m\u00e1s de 8 pa\u00edses a nivel internacional.<\/p>\n<\/div><\/div><\/div><\/div><\/div><div class=\"wpb_column vc_column_container\"><div class=\"vc_column-inner\"><div class=\"w-iconbox iconpos_left style_circle color_primary align_left\"><div class=\"w-iconbox-icon\" style=\"font-size:1rem;\"><i class=\"far fa-gem\"><\/i><\/div><div class=\"w-iconbox-meta\"><h4 class=\"w-iconbox-title\">qualidade premium<\/h4><div class=\"w-iconbox-text\"><p>Nuestras pistas cuentan con la calidad, el respaldo\u00a0 y garantia por contrato en cada proyecto.<\/p>\n<\/div><\/div><\/div><\/div><\/div><div class=\"wpb_column vc_column_container\"><div class=\"vc_column-inner\"><div class=\"w-iconbox iconpos_left style_circle color_primary align_left\"><div class=\"w-iconbox-icon\" style=\"font-size:1rem;\"><i class=\"far fa-gem\"><\/i><\/div><div class=\"w-iconbox-meta\"><h4 class=\"w-iconbox-title\" style=\"font-size:1.1rem;\">Garantia<\/h4><div class=\"w-iconbox-text\"><p>Nuestras pistas cuentan con la calidad, el respaldo\u00a0 y garantia por contrato en cada proyecto.<\/p>\n<\/div><\/div><\/div><\/div><\/div><div class=\"wpb_column vc_column_container\"><div class=\"vc_column-inner\"><div class=\"w-iconbox iconpos_left style_circle color_primary align_left\"><div class=\"w-iconbox-icon\" style=\"font-size:1rem;\"><i class=\"far fa-hand-point-up\"><\/i><\/div><div class=\"w-iconbox-meta\"><h6 class=\"w-iconbox-title\">Quadras de p\u00e1del regulamentares<\/h6><div class=\"w-iconbox-text\"><p>Pistas de Padel fabricadas seg\u00fan la normativa de la Federaci\u00f3n Internacional de p\u00e1del.<\/p>\n<\/div><\/div><\/div><\/div><\/div><div class=\"wpb_column vc_column_container\"><div class=\"vc_column-inner\"><div class=\"w-iconbox iconpos_left style_circle color_primary align_left\"><div class=\"w-iconbox-icon\" style=\"font-size:1rem;\"><i class=\"far fa-star\"><\/i><\/div><div class=\"w-iconbox-meta\"><h6 class=\"w-iconbox-title\">Alta qualidade de materiais<\/h6><div class=\"w-iconbox-text\"><p>Quadras profissionais sob medida, com grama texturizada de alta qualidade e galvaniza\u00e7\u00e3o a quente para garantir uma vida \u00fatil muito superior \u00e0s quadras tradicionais.\u00a0<\/p>\n<\/div><\/div><\/div><\/div><\/div><\/div><\/div><\/div><\/div><\/div><\/section>\n","protected":false},"excerpt":{"rendered":"","protected":false},"author":1,"featured_media":0,"parent":0,"menu_order":0,"comment_status":"closed","ping_status":"closed","template":"","meta":{"footnotes":""},"class_list":["post-39","page","type-page","status-publish","hentry"],"aioseo_notices":[],"_links":{"self":[{"href":"https:\/\/padelmaster.com.br\/index.php\/wp-json\/wp\/v2\/pages\/39","targetHints":{"allow":["GET"]}}],"collection":[{"href":"https:\/\/padelmaster.com.br\/index.php\/wp-json\/wp\/v2\/pages"}],"about":[{"href":"https:\/\/padelmaster.com.br\/index.php\/wp-json\/wp\/v2\/types\/page"}],"author":[{"embeddable":true,"href":"https:\/\/padelmaster.com.br\/index.php\/wp-json\/wp\/v2\/users\/1"}],"replies":[{"embeddable":true,"href":"https:\/\/padelmaster.com.br\/index.php\/wp-json\/wp\/v2\/comments?post=39"}],"version-history":[{"count":24,"href":"https:\/\/padelmaster.com.br\/index.php\/wp-json\/wp\/v2\/pages\/39\/revisions"}],"predecessor-version":[{"id":572,"href":"https:\/\/padelmaster.com.br\/index.php\/wp-json\/wp\/v2\/pages\/39\/revisions\/572"}],"wp:attachment":[{"href":"https:\/\/padelmaster.com.br\/index.php\/wp-json\/wp\/v2\/media?parent=39"}],"curies":[{"name":"wp","href":"https:\/\/api.w.org\/{rel}","templated":true}]}}