{"id":47,"date":"2023-09-15T19:46:13","date_gmt":"2023-09-15T19:46:13","guid":{"rendered":"https:\/\/courtspadel.com\/?page_id=47"},"modified":"2025-09-28T15:44:18","modified_gmt":"2025-09-28T15:44:18","slug":"quadras-de-padel-a-venda","status":"publish","type":"page","link":"https:\/\/padelmaster.com.br\/index.php\/quadras-de-padel-a-venda\/","title":{"rendered":"Venta canchas de padel"},"content":{"rendered":"<section class=\"l-section wpb_row us_custom_623ba360 height_small color_secondary with_video with_vimeo\"><div id=\"us_bg_video_sab4\" class=\"l-section-video\"><script id=\"us_bg_video_sab4-script\">!function(w){var node = document.getElementById( 'us_bg_video_sab4' );if ( w.innerWidth <= 100 ) { node.remove() }}(window);<\/script><style>@media(max-width:100px){#us_bg_video_sab4{display:none!important}}<\/style><script class=\"vimeo_sab4\">\r\n\t\t\t\t\tvar script = document.createElement( \"script\" );\r\n\t\t\t\t\tscript.classList.add( \"vimeo_sab4\" );\r\n\t\t\t\t\tscript.src = \"https:\/\/player.vimeo.com\/api\/player.js\";\r\n\t\t\t\t\tscript.onload = function() {\r\n\t\t\t\t\t\tvar player = new Vimeo.Player( \"us_bg_video_sab4\", {\r\n\t\t\t\t\t\t\tid: \"1079230508\",\r\n\t\t\t\t\t\t\twidth: window.innerWidth,\r\n\t\t\t\t\t\t\t\"autopause\":false,\"controls\":false,\"autoplay\":true,\"byline\":false,\"loop\":true,\"muted\":true,\"title\":false\r\n\t\t\t\t\t\t} );\r\n\t\t\t\t\t\tplayer.ready().then( function() {\r\n\t\t\t\t\t\t\tplayer.element.allow = \"autoplay; fullscreen; picture-in-picture\";\r\n\t\t\t\t\t\t\tplayer.element.loading = \"lazy\";\r\n\t\t\t\t\t\t\tplayer.element.dispatchEvent( new Event( \"resize\", { bubbles: true } ) );\r\n\t\t\t\t\t\t} );\r\n\t\t\t\t\t\tdocument.querySelectorAll( \"script.vimeo_sab4\" ).forEach( function( node ) { node.remove() } );\r\n\t\t\t\t\t};\r\n\t\t\t\t\tdocument.head.append( script );\r\n\t\t\t\t<\/script><\/div><div class=\"l-section-overlay\" style=\"background:linear-gradient(360deg, rgba(0,0,0,0.65) 0%,#000000 100%)\"><\/div><div class=\"l-section-h i-cf\"><div class=\"g-cols vc_row via_grid cols_1 laptops-cols_inherit tablets-cols_inherit mobiles-cols_1 valign_top type_default stacking_default\"><div class=\"wpb_column vc_column_container\"><div class=\"vc_column-inner\"><div class=\"w-separator size_custom\" style=\"height:25vh\"><\/div><div class=\"w-separator size_custom\" style=\"height:25vh\"><\/div><\/div><\/div><\/div><\/div><\/section><section class=\"l-section wpb_row us_custom_e777ee55 layout-middle has_text_color height_medium\"><div class=\"l-section-h i-cf\"><div class=\"g-cols vc_row via_grid cols_2 laptops-cols_inherit tablets-cols_inherit mobiles-cols_1 valign_top type_default stacking_default\"><div class=\"wpb_column vc_column_container\"><div class=\"vc_column-inner\"><div class=\"w-image align_none\"><div class=\"w-image-h\"><img decoding=\"async\" width=\"1024\" height=\"705\" src=\"https:\/\/padelmaster.com.br\/wp-content\/uploads\/2025\/09\/panoramic-court-1024x705.jpg\" class=\"attachment-large size-large\" alt=\"\" loading=\"lazy\" srcset=\"https:\/\/padelmaster.com.br\/wp-content\/uploads\/2025\/09\/panoramic-court-1024x705.jpg 1024w, https:\/\/padelmaster.com.br\/wp-content\/uploads\/2025\/09\/panoramic-court-300x207.jpg 300w, https:\/\/padelmaster.com.br\/wp-content\/uploads\/2025\/09\/panoramic-court.jpg 1056w\" sizes=\"auto, (max-width: 1024px) 100vw, 1024px\" \/><\/div><\/div><\/div><\/div><div class=\"wpb_column vc_column_container us_custom_c53fe118\"><div class=\"vc_column-inner\"><div class=\"w-separator size_large\"><\/div><div class=\"wpb_text_column us_custom_6df4bc3a fix-width-right has_text_color\"><div class=\"wpb_wrapper\"><h5 class=\"h5 font-family-body font-bold\" style=\"text-align: left;\"><span style=\"color: #fffffe;\">PANORAMIC<\/span><\/h5>\n<p style=\"padding-top: 10px; text-align: left;\"><span style=\"color: #fffffe;\">A quadra de padel mais utilizada em todos os tipos de formatos, por ser um modelo muito robusto e com um design de luxo impec\u00e1vel.<\/span><\/p>\n<p style=\"text-align: left;\"><span style=\"color: #fffffe;\"><a style=\"color: #fffffe;\" href=\"https:\/\/padelmaster.com.br\/index.php\/panoramic-cancha-de-padel\/\">Ver mais<\/a><\/span><\/p>\n<\/div><\/div><\/div><\/div><\/div><\/div><\/section><section class=\"l-section wpb_row us_custom_e777ee55 layout-middle has_text_color height_medium\"><div class=\"l-section-h i-cf\"><div class=\"g-cols vc_row via_grid cols_2 laptops-cols_inherit tablets-cols_inherit mobiles-cols_1 valign_top type_default stacking_default\"><div class=\"wpb_column vc_column_container\"><div class=\"vc_column-inner\"><div class=\"w-separator size_large\"><\/div><div class=\"wpb_text_column fix-width-left\"><div class=\"wpb_wrapper\"><h5 class=\"h5 font-family-body font-bold\" style=\"text-align: left;\"><span style=\"color: #fffffe;\">PRO ELITE<\/span><\/h5>\n<p style=\"text-align: left; padding-top: 10px;\"><span style=\"color: #fffffe;\">Quadra de luxo utilizada para clubes de alto rendimento e para competi\u00e7\u00e3o devido \u00e0 sua ampla vis\u00e3o. Incorpora um perfil circular nos cantos para lhe conferir um aspecto mais robusto e de design.<\/span><\/p>\n<p><span style=\"color: #fffffe;\"><a style=\"color: #fffffe;\" href=\"https:\/\/padelmaster.com.br\/index.php\/elite-padel-court\/\">Ver mais<\/a><\/span><\/p>\n<\/div><\/div><\/div><\/div><div class=\"wpb_column vc_column_container\"><div class=\"vc_column-inner\"><div class=\"w-image align_none\"><div class=\"w-image-h\"><img decoding=\"async\" width=\"1024\" height=\"705\" src=\"https:\/\/padelmaster.com.br\/wp-content\/uploads\/2025\/09\/elite-court-1024x705.jpg\" class=\"attachment-large size-large\" alt=\"\" loading=\"lazy\" srcset=\"https:\/\/padelmaster.com.br\/wp-content\/uploads\/2025\/09\/elite-court-1024x705.jpg 1024w, https:\/\/padelmaster.com.br\/wp-content\/uploads\/2025\/09\/elite-court-300x207.jpg 300w, https:\/\/padelmaster.com.br\/wp-content\/uploads\/2025\/09\/elite-court.jpg 1056w\" sizes=\"auto, (max-width: 1024px) 100vw, 1024px\" \/><\/div><\/div><\/div><\/div><\/div><\/div><\/section><section class=\"l-section wpb_row us_custom_623ba360 layout-middle height_medium\"><div class=\"l-section-h i-cf\"><div class=\"g-cols vc_row via_grid cols_2 laptops-cols_inherit tablets-cols_inherit mobiles-cols_1 valign_top type_default stacking_default\"><div class=\"wpb_column vc_column_container\"><div class=\"vc_column-inner\"><div class=\"w-image align_none\"><div class=\"w-image-h\"><img decoding=\"async\" width=\"1024\" height=\"705\" src=\"https:\/\/padelmaster.com.br\/wp-content\/uploads\/2025\/09\/full-vision-1024x705.jpg\" class=\"attachment-large size-large\" alt=\"\" loading=\"lazy\" srcset=\"https:\/\/padelmaster.com.br\/wp-content\/uploads\/2025\/09\/full-vision-1024x705.jpg 1024w, https:\/\/padelmaster.com.br\/wp-content\/uploads\/2025\/09\/full-vision-300x207.jpg 300w, https:\/\/padelmaster.com.br\/wp-content\/uploads\/2025\/09\/full-vision.jpg 1056w\" sizes=\"auto, (max-width: 1024px) 100vw, 1024px\" \/><\/div><\/div><\/div><\/div><div class=\"wpb_column vc_column_container us_custom_f904b664\"><div class=\"vc_column-inner\"><div class=\"w-separator size_large\"><\/div><div class=\"wpb_text_column us_custom_4076faf9 fix-width-right has_text_color\"><div class=\"wpb_wrapper\"><h5 class=\"h5 font-family-body font-bold\" style=\"text-align: left;\"><span style=\"color: #fffffe;\">FULL VISION<\/span><\/h5>\n<p style=\"padding-top: 10px; text-align: left;\"><span style=\"color: #fffffe;\">Quadra panor\u00e2mica de luxo muito utilizada para competi\u00e7\u00f5es devido \u00e0 ampla vis\u00e3o do jogo fora da quadra.<\/span><\/p>\n<p style=\"text-align: left;\"><span style=\"color: #fffffe;\"><a style=\"color: #fffffe;\" href=\"https:\/\/padelmastercourts.mx\/full-vision-panoramic-court\/\">ver mais<\/a><\/span><\/p>\n<\/div><\/div><\/div><\/div><\/div><\/div><\/section>\n","protected":false},"excerpt":{"rendered":"","protected":false},"author":1,"featured_media":0,"parent":0,"menu_order":0,"comment_status":"closed","ping_status":"closed","template":"","meta":{"footnotes":""},"class_list":["post-47","page","type-page","status-publish","hentry"],"aioseo_notices":[],"_links":{"self":[{"href":"https:\/\/padelmaster.com.br\/index.php\/wp-json\/wp\/v2\/pages\/47","targetHints":{"allow":["GET"]}}],"collection":[{"href":"https:\/\/padelmaster.com.br\/index.php\/wp-json\/wp\/v2\/pages"}],"about":[{"href":"https:\/\/padelmaster.com.br\/index.php\/wp-json\/wp\/v2\/types\/page"}],"author":[{"embeddable":true,"href":"https:\/\/padelmaster.com.br\/index.php\/wp-json\/wp\/v2\/users\/1"}],"replies":[{"embeddable":true,"href":"https:\/\/padelmaster.com.br\/index.php\/wp-json\/wp\/v2\/comments?post=47"}],"version-history":[{"count":29,"href":"https:\/\/padelmaster.com.br\/index.php\/wp-json\/wp\/v2\/pages\/47\/revisions"}],"predecessor-version":[{"id":581,"href":"https:\/\/padelmaster.com.br\/index.php\/wp-json\/wp\/v2\/pages\/47\/revisions\/581"}],"wp:attachment":[{"href":"https:\/\/padelmaster.com.br\/index.php\/wp-json\/wp\/v2\/media?parent=47"}],"curies":[{"name":"wp","href":"https:\/\/api.w.org\/{rel}","templated":true}]}}