{"id":57,"date":"2023-09-15T20:00:18","date_gmt":"2023-09-15T20:00:18","guid":{"rendered":"https:\/\/courtspadel.com\/?page_id=57"},"modified":"2025-09-28T17:01:38","modified_gmt":"2025-09-28T17:01:38","slug":"panoramic-cancha-de-padel","status":"publish","type":"page","link":"https:\/\/padelmaster.com.br\/index.php\/panoramic-cancha-de-padel\/","title":{"rendered":"panoramic"},"content":{"rendered":"<section class=\"l-section wpb_row us_custom_623ba360 height_medium full_height valign_center color_secondary with_video with_vimeo\"><div id=\"us_bg_video_z6f7\" class=\"l-section-video\"><script id=\"us_bg_video_z6f7-script\">!function(w){var node = document.getElementById( 'us_bg_video_z6f7' );if ( w.innerWidth <= 100 ) { node.remove() }}(window);<\/script><style>@media(max-width:100px){#us_bg_video_z6f7{display:none!important}}<\/style><script class=\"vimeo_z6f7\">\r\n\t\t\t\t\tvar script = document.createElement( \"script\" );\r\n\t\t\t\t\tscript.classList.add( \"vimeo_z6f7\" );\r\n\t\t\t\t\tscript.src = \"https:\/\/player.vimeo.com\/api\/player.js\";\r\n\t\t\t\t\tscript.onload = function() {\r\n\t\t\t\t\t\tvar player = new Vimeo.Player( \"us_bg_video_z6f7\", {\r\n\t\t\t\t\t\t\tid: \"1120619504\",\r\n\t\t\t\t\t\t\twidth: window.innerWidth,\r\n\t\t\t\t\t\t\t\"autopause\":false,\"controls\":false,\"autoplay\":true,\"byline\":false,\"loop\":true,\"muted\":true,\"title\":false\r\n\t\t\t\t\t\t} );\r\n\t\t\t\t\t\tplayer.ready().then( function() {\r\n\t\t\t\t\t\t\tplayer.element.allow = \"autoplay; fullscreen; picture-in-picture\";\r\n\t\t\t\t\t\t\tplayer.element.loading = \"lazy\";\r\n\t\t\t\t\t\t\tplayer.element.dispatchEvent( new Event( \"resize\", { bubbles: true } ) );\r\n\t\t\t\t\t\t} );\r\n\t\t\t\t\t\tdocument.querySelectorAll( \"script.vimeo_z6f7\" ).forEach( function( node ) { node.remove() } );\r\n\t\t\t\t\t};\r\n\t\t\t\t\tdocument.head.append( script );\r\n\t\t\t\t<\/script><\/div><div class=\"l-section-h i-cf\"><div class=\"g-cols vc_row via_grid cols_1 laptops-cols_inherit tablets-cols_inherit mobiles-cols_1 valign_top type_default stacking_default\"><div class=\"wpb_column vc_column_container\"><div class=\"vc_column-inner\"><\/div><\/div><\/div><\/div><\/section><section class=\"l-section wpb_row height_medium\"><div class=\"l-section-h i-cf\"><div class=\"g-cols vc_row via_grid cols_3 laptops-cols_1 tablets-cols_inherit mobiles-cols_1 valign_top type_default stacking_default\"><div class=\"wpb_column vc_column_container\"><div class=\"vc_column-inner\"><div class=\"wpb_text_column us_custom_d98eb4eb\"><div class=\"wpb_wrapper\"><h2><strong>PANORAMIC PRO MASTER<\/strong><\/h2>\n<\/div><\/div><\/div><\/div><div class=\"wpb_column vc_column_container\"><div class=\"vc_column-inner\"><div class=\"wpb_text_column us_custom_d98eb4eb\"><div class=\"wpb_wrapper\"><p data-start=\"199\" data-end=\"381\">Imagina jugar en la <strong data-start=\"219\" data-end=\"267\">pista m\u00e1s espectacular y utilizada del mundo<\/strong>. Nuestra <strong data-start=\"277\" data-end=\"290\">Panoramic<\/strong> combina dise\u00f1o, innovaci\u00f3n y resistencia para que cada partido se sienta como una final.<\/p>\n<p data-start=\"383\" data-end=\"841\">\ud83d\udd39 <strong data-start=\"386\" data-end=\"422\">Esquinas con perfiles reforzados<\/strong> que le dan ese toque de solidez y estilo minimalista que enamora a primera vista.<br data-start=\"504\" data-end=\"507\" \/><br data-start=\"608\" data-end=\"611\" \/><\/p>\n<\/div><\/div><\/div><\/div><div class=\"wpb_column vc_column_container\"><div class=\"vc_column-inner\"><div class=\"wpb_text_column us_custom_d98eb4eb\"><div class=\"wpb_wrapper\"><p data-start=\"358\" data-end=\"933\">\ud83d\udd39 <strong data-start=\"646\" data-end=\"680\">Sistema exclusivo Master Shock<\/strong>: amortiguaci\u00f3n lateral y en luminarias para eliminar vibraciones y brindar el <strong data-start=\"759\" data-end=\"793\">m\u00e1ximo confort en cada partido con la mejor tecnolog\u00eda del mundo<\/strong>.<\/p>\n<p data-start=\"358\" data-end=\"933\">\ud83d\udd39 Desarrollada con <strong data-start=\"817\" data-end=\"840\">tecnolog\u00eda de punta<\/strong>, homologada para competiciones y pensada para durar a\u00f1os en las condiciones m\u00e1s exigentes.<\/p>\n<\/div><\/div><\/div><\/div><\/div><\/div><\/section><section class=\"l-section wpb_row height_medium\"><div class=\"l-section-h i-cf\"><div class=\"g-cols vc_row via_grid cols_1 laptops-cols_inherit tablets-cols_inherit mobiles-cols_1 valign_top type_default stacking_default\"><div class=\"wpb_column vc_column_container us_custom_83675d16 has_text_color has_bg_color\"><div class=\"vc_column-inner\"><h2 class=\"w-text us_custom_eb849559\"><span class=\"w-text-h\"><span class=\"w-text-value\">ESPECIFICACIONES TECNICAS PISTA FULL VIEW<\/span><\/span><\/h2><div class=\"w-separator size_small\"><\/div><div class=\"g-cols wpb_row via_grid cols_2 laptops-cols_inherit tablets-cols_inherit mobiles-cols_1 valign_top type_default stacking_default\" style=\"--columns-gap:3rem;\"><div class=\"wpb_column vc_column_container\"><div class=\"vc_column-inner\"><div class=\"wpb_text_column\"><div class=\"wpb_wrapper\"><h2 data-start=\"130\" data-end=\"154\">ESTRUTURA DA QUADRA<\/h2>\n<ul data-start=\"156\" data-end=\"1027\">\n<li data-start=\"156\" data-end=\"521\">\n<p data-start=\"158\" data-end=\"521\"><strong data-start=\"158\" data-end=\"180\">8 quadros laterais<\/strong> de 3000&#215;2000 mm e <strong data-start=\"199\" data-end=\"212\">4 quadros<\/strong> de 3000&#215;1000 mm em a\u00e7o S235JR de 60&#215;40 mm, com perfis horizontais internos de 50&#215;5 mm revestidos com malha de a\u00e7o galvanizado eletrossoldado de 50x50x4 mm.<br data-start=\"368\" data-end=\"371\" \/>A estrutura desses quadros \u00e9 fixada ao solo por meio de <strong data-start=\"429\" data-end=\"454\">parafusos de expans\u00e3o<\/strong> e do <strong data-start=\"460\" data-end=\"484\">sistema Master Shock<\/strong>, sobre bases de 8 mm de espessura.<\/p>\n<\/li>\n<li data-start=\"523\" data-end=\"673\">\n<p data-start=\"525\" data-end=\"673\"><strong data-start=\"525\" data-end=\"553\">2 m\u00f3dulos de 2000&#215;800 mm<\/strong> em perfil de 60&#215;40 mm recobertos com malha eletrossoldada galvanizada de 50x50x4 mm, destinados ao trecho de acessos.<\/p>\n<\/li>\n<li data-start=\"675\" data-end=\"802\">\n<p data-start=\"677\" data-end=\"802\"><strong data-start=\"677\" data-end=\"694\">Anel superior<\/strong> da quadra para fixa\u00e7\u00e3o dos vidros de 12 mm, composto por perfil de a\u00e7o galvanizado S235JR de 150x50x3 mm.<\/p>\n<\/li>\n<li data-start=\"804\" data-end=\"856\">\n<p data-start=\"806\" data-end=\"856\"><strong data-start=\"806\" data-end=\"827\">4 perfis de canto<\/strong> em perfil de 150x150x3 mm.<\/p>\n<\/li>\n<li data-start=\"858\" data-end=\"914\">\n<p data-start=\"860\" data-end=\"914\"><strong data-start=\"860\" data-end=\"886\">4 perfis de ilumina\u00e7\u00e3o<\/strong> em perfil de 150x50x3 mm.<\/p>\n<\/li>\n<li data-start=\"916\" data-end=\"1027\">\n<p data-start=\"918\" data-end=\"1027\"><strong data-start=\"918\" data-end=\"940\">30 metros lineares<\/strong> de perfil estrutural 80x40x2 mm para fixa\u00e7\u00e3o inferior dos vidros da quadra de p\u00e1del.<\/p>\n<\/li>\n<\/ul>\n<p data-start=\"1029\" data-end=\"1211\">Nossa quadra cumpre integralmente toda a normativa relacionada ao p\u00e1del, assegurando <strong data-start=\"1114\" data-end=\"1157\">qualidade, certifica\u00e7\u00f5es e complementos<\/strong> necess\u00e1rios para a pr\u00e1tica profissional do esporte.<\/p>\n<\/div><\/div><\/div><\/div><div class=\"wpb_column vc_column_container\"><div class=\"vc_column-inner\"><div class=\"wpb_text_column us_custom_6df4bc3a has_text_color\"><div class=\"wpb_wrapper\"><h3 data-start=\"99\" data-end=\"111\">VIDROS<\/h3>\n<p data-start=\"112\" data-end=\"215\">18 vidros temperados de 12 mm, em conformidade com as normas da <strong data-start=\"176\" data-end=\"212\">Federa\u00e7\u00e3o Internacional de Padel<\/strong>.<\/p>\n<h3 data-start=\"217\" data-end=\"238\">GRAMA SINT\u00c9TICA<\/h3>\n<p data-start=\"239\" data-end=\"398\">Grama sint\u00e9tica de competi\u00e7\u00e3o texturizada, 12 mm de altura, \u00faltima gera\u00e7\u00e3o (9.000 dtex), com base em poliuretano e fornecida em rolos de 5 metros de largura.<\/p>\n<h3 data-start=\"400\" data-end=\"416\">ILUMINA\u00c7\u00c3O<\/h3>\n<p data-start=\"417\" data-end=\"475\">Nossa quadra utiliza <strong data-start=\"438\" data-end=\"472\">12 refletores LED de 150 watts<\/strong>.<\/p>\n<h3 data-start=\"477\" data-end=\"493\">ACABAMENTO<\/h3>\n<p data-start=\"494\" data-end=\"678\">Todas as nossas quadras <strong data-start=\"518\" data-end=\"534\">FULL de luxo<\/strong> s\u00e3o galvanizadas a quente em zinco, com <strong data-start=\"575\" data-end=\"598\">parafusaria em inox<\/strong>, posteriormente repintadas com pintura em p\u00f3 e tratadas em fornos de pintura.<\/p>\n<\/div><\/div><\/div><\/div><\/div><\/div><\/div><\/div><\/div><\/section>\n","protected":false},"excerpt":{"rendered":"","protected":false},"author":1,"featured_media":0,"parent":0,"menu_order":0,"comment_status":"closed","ping_status":"closed","template":"","meta":{"footnotes":""},"class_list":["post-57","page","type-page","status-publish","hentry"],"aioseo_notices":[],"_links":{"self":[{"href":"https:\/\/padelmaster.com.br\/index.php\/wp-json\/wp\/v2\/pages\/57","targetHints":{"allow":["GET"]}}],"collection":[{"href":"https:\/\/padelmaster.com.br\/index.php\/wp-json\/wp\/v2\/pages"}],"about":[{"href":"https:\/\/padelmaster.com.br\/index.php\/wp-json\/wp\/v2\/types\/page"}],"author":[{"embeddable":true,"href":"https:\/\/padelmaster.com.br\/index.php\/wp-json\/wp\/v2\/users\/1"}],"replies":[{"embeddable":true,"href":"https:\/\/padelmaster.com.br\/index.php\/wp-json\/wp\/v2\/comments?post=57"}],"version-history":[{"count":7,"href":"https:\/\/padelmaster.com.br\/index.php\/wp-json\/wp\/v2\/pages\/57\/revisions"}],"predecessor-version":[{"id":589,"href":"https:\/\/padelmaster.com.br\/index.php\/wp-json\/wp\/v2\/pages\/57\/revisions\/589"}],"wp:attachment":[{"href":"https:\/\/padelmaster.com.br\/index.php\/wp-json\/wp\/v2\/media?parent=57"}],"curies":[{"name":"wp","href":"https:\/\/api.w.org\/{rel}","templated":true}]}}