{"id":63,"date":"2023-09-15T20:00:18","date_gmt":"2023-09-15T20:00:18","guid":{"rendered":"https:\/\/courtspadel.com\/?page_id=63"},"modified":"2025-09-28T15:47:54","modified_gmt":"2025-09-28T15:47:54","slug":"full-vision-panoramic-court","status":"publish","type":"page","link":"https:\/\/padelmaster.com.br\/index.php\/full-vision-panoramic-court\/","title":{"rendered":"full vision"},"content":{"rendered":"<section class=\"l-section wpb_row us_custom_623ba360 height_medium full_height valign_center color_secondary with_video with_vimeo\"><div id=\"us_bg_video_o5df\" class=\"l-section-video\"><script id=\"us_bg_video_o5df-script\">!function(w){var node = document.getElementById( 'us_bg_video_o5df' );if ( w.innerWidth <= 100 ) { node.remove() }}(window);<\/script><style>@media(max-width:100px){#us_bg_video_o5df{display:none!important}}<\/style><script class=\"vimeo_o5df\">\r\n\t\t\t\t\tvar script = document.createElement( \"script\" );\r\n\t\t\t\t\tscript.classList.add( \"vimeo_o5df\" );\r\n\t\t\t\t\tscript.src = \"https:\/\/player.vimeo.com\/api\/player.js\";\r\n\t\t\t\t\tscript.onload = function() {\r\n\t\t\t\t\t\tvar player = new Vimeo.Player( \"us_bg_video_o5df\", {\r\n\t\t\t\t\t\t\tid: \"1120457265\",\r\n\t\t\t\t\t\t\twidth: window.innerWidth,\r\n\t\t\t\t\t\t\t\"autopause\":false,\"controls\":false,\"autoplay\":true,\"byline\":false,\"loop\":true,\"muted\":true,\"title\":false\r\n\t\t\t\t\t\t} );\r\n\t\t\t\t\t\tplayer.ready().then( function() {\r\n\t\t\t\t\t\t\tplayer.element.allow = \"autoplay; fullscreen; picture-in-picture\";\r\n\t\t\t\t\t\t\tplayer.element.loading = \"lazy\";\r\n\t\t\t\t\t\t\tplayer.element.dispatchEvent( new Event( \"resize\", { bubbles: true } ) );\r\n\t\t\t\t\t\t} );\r\n\t\t\t\t\t\tdocument.querySelectorAll( \"script.vimeo_o5df\" ).forEach( function( node ) { node.remove() } );\r\n\t\t\t\t\t};\r\n\t\t\t\t\tdocument.head.append( script );\r\n\t\t\t\t<\/script><\/div><div class=\"l-section-h i-cf\"><div class=\"g-cols vc_row via_grid cols_1 laptops-cols_inherit tablets-cols_inherit mobiles-cols_1 valign_top type_default stacking_default\"><div class=\"wpb_column vc_column_container\"><div class=\"vc_column-inner\"><\/div><\/div><\/div><\/div><\/section><section class=\"l-section wpb_row us_custom_623ba360 height_medium\"><div class=\"l-section-h i-cf\"><div class=\"g-cols vc_row via_grid cols_3 laptops-cols_1 tablets-cols_inherit mobiles-cols_1 valign_top type_default stacking_default\"><div class=\"wpb_column vc_column_container\"><div class=\"vc_column-inner\"><div class=\"wpb_text_column us_custom_d98eb4eb\"><div class=\"wpb_wrapper\"><h2><strong>FULL VISION\u00a0 MASTER<\/strong><\/h2>\n<\/div><\/div><\/div><\/div><div class=\"wpb_column vc_column_container\"><div class=\"vc_column-inner\"><div class=\"wpb_text_column us_custom_d98eb4eb\"><div class=\"wpb_wrapper\"><p data-start=\"86\" data-end=\"269\"><strong data-start=\"86\" data-end=\"152\">Imagine jogar na quadra mais espetacular e utilizada do mundo.<\/strong>Nossa <strong data-start=\"161\" data-end=\"174\">Panoramic<\/strong> combina <strong data-start=\"183\" data-end=\"217\">design, inova\u00e7\u00e3o e resist\u00eancia<\/strong> para que cada partida seja vivida como uma final.<\/p>\n<p data-start=\"86\" data-end=\"269\">\n<p data-start=\"271\" data-end=\"402\">\ud83d\udd39 <strong data-start=\"274\" data-end=\"295\">Cantos sem perfis<\/strong>, que proporcionam um toque <strong data-start=\"323\" data-end=\"342\">ultrapanor\u00e2mico<\/strong>, com est\u00e9tica superior e um espa\u00e7o mais limpo para jogar.<\/p>\n<p data-start=\"383\" data-end=\"841\">\n<\/div><\/div><\/div><\/div><div class=\"wpb_column vc_column_container\"><div class=\"vc_column-inner\"><div class=\"wpb_text_column us_custom_d98eb4eb\"><div class=\"wpb_wrapper\"><p data-start=\"85\" data-end=\"278\">\ud83d\udd39 <strong data-start=\"88\" data-end=\"123\">Sistema exclusivo Master Shock:<\/strong> amortecimento lateral e nos postes de ilumina\u00e7\u00e3o para eliminar vibra\u00e7\u00f5es e garantir o m\u00e1ximo conforto em cada partida, com a melhor tecnologia do mundo.<\/p>\n<p data-start=\"280\" data-end=\"418\">\ud83d\udd39 <strong data-start=\"283\" data-end=\"323\">Desenvolvida com tecnologia de ponta<\/strong>, homologada para competi\u00e7\u00f5es e projetada para durar anos mesmo nas condi\u00e7\u00f5es mais exigentes.<\/p>\n<\/div><\/div><\/div><\/div><\/div><\/div><\/section><section class=\"l-section wpb_row us_custom_623ba360 height_medium\"><div class=\"l-section-h i-cf\"><div class=\"g-cols vc_row via_grid cols_1 laptops-cols_inherit tablets-cols_inherit mobiles-cols_1 valign_top type_default stacking_default\"><div class=\"wpb_column vc_column_container us_custom_83675d16 has_text_color has_bg_color\"><div class=\"vc_column-inner\"><h2 class=\"w-text us_custom_eb849559\"><span class=\"w-text-h\"><span class=\"w-text-value\">ESPECIFICA\u00c7\u00d5ES T\u00c9CNICAS \u2013 QUADRA FULL VIEW<\/span><\/span><\/h2><div class=\"w-separator size_small\"><\/div><div class=\"g-cols wpb_row via_grid cols_2 laptops-cols_inherit tablets-cols_inherit mobiles-cols_1 valign_top type_default stacking_default\" style=\"--columns-gap:3rem;\"><div class=\"wpb_column vc_column_container\"><div class=\"vc_column-inner\"><div class=\"wpb_text_column\"><div class=\"wpb_wrapper\"><ul data-start=\"121\" data-end=\"884\">\n<li data-start=\"121\" data-end=\"487\">\n<p data-start=\"123\" data-end=\"487\"><strong data-start=\"123\" data-end=\"145\">8 quadros laterais<\/strong> de 3000&#215;2000 mm e <strong data-start=\"164\" data-end=\"177\">4 quadros<\/strong> de 3000&#215;1000 mm em a\u00e7o S235JR de 60&#215;40 mm, com perfis horizontais internos de 50&#215;5 mm, revestidos com malha de a\u00e7o galvanizado eletrossoldado de 50x50x4 mm.<br data-start=\"334\" data-end=\"337\" \/>A estrutura desses quadros \u00e9 fixada ao solo por meio de <strong data-start=\"395\" data-end=\"420\">parafusos de expans\u00e3o<\/strong> e do <strong data-start=\"426\" data-end=\"450\">sistema Master Shock<\/strong>, sobre bases de 8 mm de espessura.<\/p>\n<\/li>\n<li data-start=\"489\" data-end=\"640\">\n<p data-start=\"491\" data-end=\"640\"><strong data-start=\"491\" data-end=\"504\">2 m\u00f3dulos<\/strong> de 2000&#215;800 mm em perfil de 60&#215;40 mm, recobertos com malha eletrossoldada galvanizada de 50x50x4 mm, destinados ao trecho de acessos.<\/p>\n<\/li>\n<li data-start=\"642\" data-end=\"769\">\n<p data-start=\"644\" data-end=\"769\"><strong data-start=\"644\" data-end=\"661\">Anel superior<\/strong> da quadra para fixa\u00e7\u00e3o dos vidros de 12 mm, composto por perfil de a\u00e7o galvanizado S235JR de 150x50x3 mm.<\/p>\n<\/li>\n<li data-start=\"771\" data-end=\"884\">\n<p data-start=\"773\" data-end=\"884\"><strong data-start=\"773\" data-end=\"795\">30 metros lineares<\/strong> de perfil estrutural 80x40x2 mm para a fixa\u00e7\u00e3o inferior dos vidros da quadra de p\u00e1del.<\/p>\n<\/li>\n<\/ul>\n<p data-start=\"886\" data-end=\"1065\">Nossa quadra cumpre integralmente toda a normativa relacionada ao p\u00e1del, garantindo <strong data-start=\"970\" data-end=\"1013\">qualidade, certifica\u00e7\u00f5es e complementos<\/strong> adequados para a pr\u00e1tica profissional do esporte.<\/p>\n<\/div><\/div><\/div><\/div><div class=\"wpb_column vc_column_container\"><div class=\"vc_column-inner\"><div class=\"wpb_text_column us_custom_6df4bc3a has_text_color\"><div class=\"wpb_wrapper\"><h3 data-start=\"100\" data-end=\"112\">VIDROS<\/h3>\n<p data-start=\"113\" data-end=\"216\">18 vidros temperados de 12 mm, em conformidade com as normas da <strong data-start=\"177\" data-end=\"213\">Federa\u00e7\u00e3o Internacional de Padel<\/strong>.<\/p>\n<h3 data-start=\"218\" data-end=\"239\">GRAMA SINT\u00c9TICA<\/h3>\n<p data-start=\"240\" data-end=\"399\">Grama sint\u00e9tica de competi\u00e7\u00e3o texturizada, 12 mm de altura, \u00faltima gera\u00e7\u00e3o (9.000 dtex), com base em poliuretano e fornecida em rolos de 5 metros de largura.<\/p>\n<h3 data-start=\"401\" data-end=\"417\">ILUMINA\u00c7\u00c3O<\/h3>\n<p data-start=\"418\" data-end=\"477\">A quadra utiliza <strong data-start=\"435\" data-end=\"469\">12 refletores LED de 150 watts<\/strong> cada.<\/p>\n<h3 data-start=\"479\" data-end=\"495\">ACABAMENTO<\/h3>\n<p data-start=\"496\" data-end=\"661\">Todas as nossas quadras <strong data-start=\"520\" data-end=\"536\">FULL de luxo<\/strong> s\u00e3o galvanizadas a quente em zinco, com parafusaria em inox, repintadas com pintura em p\u00f3 e tratadas em fornos de pintura.<\/p>\n<ul>\n<li style=\"list-style-type: none;\">\n<ul>\n<li style=\"list-style-type: none;\"><\/li>\n<\/ul>\n<\/li>\n<\/ul>\n<\/div><\/div><\/div><\/div><\/div><\/div><\/div><\/div><\/div><\/section>\n","protected":false},"excerpt":{"rendered":"","protected":false},"author":1,"featured_media":0,"parent":0,"menu_order":0,"comment_status":"closed","ping_status":"closed","template":"","meta":{"footnotes":""},"class_list":["post-63","page","type-page","status-publish","hentry"],"aioseo_notices":[],"_links":{"self":[{"href":"https:\/\/padelmaster.com.br\/index.php\/wp-json\/wp\/v2\/pages\/63","targetHints":{"allow":["GET"]}}],"collection":[{"href":"https:\/\/padelmaster.com.br\/index.php\/wp-json\/wp\/v2\/pages"}],"about":[{"href":"https:\/\/padelmaster.com.br\/index.php\/wp-json\/wp\/v2\/types\/page"}],"author":[{"embeddable":true,"href":"https:\/\/padelmaster.com.br\/index.php\/wp-json\/wp\/v2\/users\/1"}],"replies":[{"embeddable":true,"href":"https:\/\/padelmaster.com.br\/index.php\/wp-json\/wp\/v2\/comments?post=63"}],"version-history":[{"count":11,"href":"https:\/\/padelmaster.com.br\/index.php\/wp-json\/wp\/v2\/pages\/63\/revisions"}],"predecessor-version":[{"id":584,"href":"https:\/\/padelmaster.com.br\/index.php\/wp-json\/wp\/v2\/pages\/63\/revisions\/584"}],"wp:attachment":[{"href":"https:\/\/padelmaster.com.br\/index.php\/wp-json\/wp\/v2\/media?parent=63"}],"curies":[{"name":"wp","href":"https:\/\/api.w.org\/{rel}","templated":true}]}}